{"id":4577,"date":"2022-09-04T18:52:05","date_gmt":"2022-09-04T23:52:05","guid":{"rendered":"https:\/\/aktmotosibague.com\/?post_type=product&#038;p=4577"},"modified":"2023-05-14T16:14:43","modified_gmt":"2023-05-14T21:14:43","slug":"dynamic-pro-125","status":"publish","type":"product","link":"https:\/\/aktmotosibague.com\/?product=dynamic-pro-125","title":{"rendered":"DYNAMIC PRO 125"},"content":{"rendered":"<p>La Dynamic Pro fue la primera moto dise\u00f1ada por Colombianos para el mundo, un desarrollo propio de AKT Motos que naci\u00f3 de un estudio de las necesidades del cliente Colombiano, que nos llevaron a mejoras que los motociclistas nos ven\u00edan pidiendo para la motocicleta. Hablamos de aspectos tales como un dise\u00f1o m\u00e1s urbano y deportivo, nuevas calcoman\u00edas con un dise\u00f1o simple y elegante que se alinea y resalta las formas de la moto. Gracias a la facilidad de manejo, este veh\u00edculo de dos ruedas es una excelente opci\u00f3n para disfrutar las calles de la ciudad. \u00a1Ahora con CBS!<\/p>\n","protected":false},"excerpt":{"rendered":"<p>La Dynamic Pro fue la primera moto dise\u00f1ada por Colombianos para el mundo, un desarrollo propio de AKT Motos que naci\u00f3 de un estudio de las necesidades del cliente Colombiano, que nos llevaron a mejoras que los motociclistas nos ven\u00edan pidiendo para la motocicleta. Hablamos de aspectos tales como un dise\u00f1o m\u00e1s urbano y deportivo, [&hellip;]<\/p>\n","protected":false},"featured_media":4608,"comment_status":"open","ping_status":"closed","template":"","meta":{"_acf_changed":false},"product_brand":[],"product_cat":[112,115,113],"product_tag":[],"class_list":{"0":"post-4577","1":"product","2":"type-product","3":"status-publish","4":"has-post-thumbnail","6":"product_cat-marca-akt","7":"product_cat-automatica","8":"product_cat-motos","10":"first","11":"instock","12":"shipping-taxable","13":"purchasable","14":"product-type-simple"},"acf":[],"_links":{"self":[{"href":"https:\/\/aktmotosibague.com\/index.php?rest_route=\/wp\/v2\/product\/4577","targetHints":{"allow":["GET"]}}],"collection":[{"href":"https:\/\/aktmotosibague.com\/index.php?rest_route=\/wp\/v2\/product"}],"about":[{"href":"https:\/\/aktmotosibague.com\/index.php?rest_route=\/wp\/v2\/types\/product"}],"replies":[{"embeddable":true,"href":"https:\/\/aktmotosibague.com\/index.php?rest_route=%2Fwp%2Fv2%2Fcomments&post=4577"}],"version-history":[{"count":2,"href":"https:\/\/aktmotosibague.com\/index.php?rest_route=\/wp\/v2\/product\/4577\/revisions"}],"predecessor-version":[{"id":4983,"href":"https:\/\/aktmotosibague.com\/index.php?rest_route=\/wp\/v2\/product\/4577\/revisions\/4983"}],"wp:featuredmedia":[{"embeddable":true,"href":"https:\/\/aktmotosibague.com\/index.php?rest_route=\/wp\/v2\/media\/4608"}],"wp:attachment":[{"href":"https:\/\/aktmotosibague.com\/index.php?rest_route=%2Fwp%2Fv2%2Fmedia&parent=4577"}],"wp:term":[{"taxonomy":"product_brand","embeddable":true,"href":"https:\/\/aktmotosibague.com\/index.php?rest_route=%2Fwp%2Fv2%2Fproduct_brand&post=4577"},{"taxonomy":"product_cat","embeddable":true,"href":"https:\/\/aktmotosibague.com\/index.php?rest_route=%2Fwp%2Fv2%2Fproduct_cat&post=4577"},{"taxonomy":"product_tag","embeddable":true,"href":"https:\/\/aktmotosibague.com\/index.php?rest_route=%2Fwp%2Fv2%2Fproduct_tag&post=4577"}],"curies":[{"name":"wp","href":"https:\/\/api.w.org\/{rel}","templated":true}]}}